{"id":14803,"date":"2019-07-03T10:30:11","date_gmt":"2019-07-03T08:30:11","guid":{"rendered":"https:\/\/www.nova-groupe.fr\/?page_id=14803"},"modified":"2019-07-03T10:38:02","modified_gmt":"2019-07-03T08:38:02","slug":"mise-a-jour-fiche-client-nova","status":"publish","type":"page","link":"https:\/\/www.nova-groupe.fr\/fr\/mise-a-jour-fiche-client-nova\/","title":{"rendered":"Mise \u00e0 Jour Fiche Client NOVA"},"content":{"rendered":"<div id=\"pl-14803\"  class=\"panel-layout\" >\n<div id=\"pg-14803-0\"  class=\"panel-grid panel-no-style\"  data-style=\"{&quot;background_display&quot;:&quot;tile&quot;,&quot;cell_alignment&quot;:&quot;flex-start&quot;}\" >\n<div id=\"pgc-14803-0-0\"  class=\"panel-grid-cell\"  data-weight=\"1\" >\n<div id=\"panel-14803-0-0-0\" class=\"so-panel widget widget_lk-title panel-first-child\" data-index=\"0\" data-style=\"{&quot;background_image_attachment&quot;:false,&quot;background_display&quot;:&quot;tile&quot;}\" >[siteorigin_widget class=\u00a0\u00bbLkTitle_Widget\u00a0\u00bb]<input type=\"hidden\" value=\"{&quot;instance&quot;:{&quot;lk_title&quot;:&quot;Formulaire mise \\u00e0 jour fiche client NOVA&quot;,&quot;lk_title_link&quot;:&quot;&quot;,&quot;lk_title_color&quot;:&quot;jaune&quot;,&quot;lk_title_style&quot;:&quot;style-1&quot;,&quot;_sow_form_id&quot;:&quot;592ec2000de53&quot;,&quot;_sow_form_timestamp&quot;:&quot;1562142366489&quot;,&quot;so_sidebar_emulator_id&quot;:&quot;lk-title-1480310000&quot;,&quot;option_name&quot;:&quot;widget_lk-title&quot;},&quot;args&quot;:{&quot;before_widget&quot;:&quot;&lt;div id=\\&quot;panel-14803-0-0-0\\&quot; class=\\&quot;so-panel widget widget_lk-title panel-first-child\\&quot; data-index=\\&quot;0\\&quot; data-style=\\&quot;{&amp;quot;background_image_attachment&amp;quot;:false,&amp;quot;background_display&amp;quot;:&amp;quot;tile&amp;quot;}\\&quot; &gt;&quot;,&quot;after_widget&quot;:&quot;&lt;\\\/div&gt;&quot;,&quot;before_title&quot;:&quot;&lt;h3 class=\\&quot;widget-title\\&quot;&gt;&quot;,&quot;after_title&quot;:&quot;&lt;\\\/h3&gt;&quot;,&quot;widget_id&quot;:&quot;widget-0-0-0&quot;}}\" \/>[\/siteorigin_widget]<\/div>\n<div id=\"panel-14803-0-0-1\" class=\"so-panel widget widget_sow-editor\" data-index=\"1\" data-style=\"{&quot;background_image_attachment&quot;:false,&quot;background_display&quot;:&quot;tile&quot;}\" >\n<div class=\"so-widget-sow-editor so-widget-sow-editor-base\">\n<div class=\"siteorigin-widget-tinymce textwidget\">\n<h1>Mettez \u00e0 jour vos coordonn\u00e9es client en quelques clics, c&rsquo;est Simple et Rapide !<\/h1>\n<p>Communiquez-nous vos nouvelles informations client !<\/p>\n<p>Mettez \u00e0 jour votre adresse mail, num\u00e9ro de t\u00e9l\u00e9phone ou encore adresse de facturation en quelques clics via notre formulaire en ligne.<\/p>\n<p><strong>Merci de saisir uniquement les champs \u00e0 mettre \u00e0 jour svp.<\/strong><\/p>\n<p>&nbsp;<\/p>\n<p><iframe style=\"border: none; max-width: 100%; max-height: 100vh;\" src=\"https:\/\/forms.office.com\/Pages\/ResponsePage.aspx?id=nXPfZFWIjkCm53q-TXTdQoPwUF2rOLBJijDBIxhRQ5hUMUtHODRPT05MVzVQU0RHSU9BR1pLQ0M3Qy4u&amp;embed=true\" width=\"1024px\" height=\"780px\" frameborder=\"0\" marginwidth=\"0\" marginheight=\"0\" allowfullscreen=\"allowfullscreen\"> <\/iframe><\/div>\n<\/div>\n<\/div>\n<div id=\"panel-14803-0-0-2\" class=\"so-panel widget widget_media_image panel-last-child\" data-index=\"2\" data-style=\"{&quot;background_image_attachment&quot;:false,&quot;background_display&quot;:&quot;tile&quot;}\" >[siteorigin_widget class=\u00a0\u00bbWP_Widget_Media_Image\u00a0\u00bb]<input type=\"hidden\" value=\"{&quot;instance&quot;:{&quot;attachment_id&quot;:94,&quot;url&quot;:&quot;https:\\\/\\\/www.nova-groupe.fr\\\/wp-content\\\/uploads\\\/2017\\\/04\\\/ikllu_ble_bg_homepage.png&quot;,&quot;title&quot;:&quot;&quot;,&quot;size&quot;:&quot;full&quot;,&quot;width&quot;:1920,&quot;height&quot;:150,&quot;caption&quot;:&quot;&quot;,&quot;alt&quot;:&quot;&quot;,&quot;link_type&quot;:&quot;&quot;,&quot;link_url&quot;:&quot;&quot;,&quot;image_classes&quot;:&quot;&quot;,&quot;link_classes&quot;:&quot;&quot;,&quot;link_rel&quot;:&quot;&quot;,&quot;link_target_blank&quot;:false,&quot;image_title&quot;:&quot;&quot;,&quot;so_sidebar_emulator_id&quot;:&quot;media_image-1480310002&quot;,&quot;option_name&quot;:&quot;widget_media_image&quot;},&quot;args&quot;:{&quot;before_widget&quot;:&quot;&lt;div id=\\&quot;panel-14803-0-0-2\\&quot; class=\\&quot;so-panel widget widget_media_image panel-last-child\\&quot; data-index=\\&quot;2\\&quot; data-style=\\&quot;{&amp;quot;background_image_attachment&amp;quot;:false,&amp;quot;background_display&amp;quot;:&amp;quot;tile&amp;quot;}\\&quot; &gt;&quot;,&quot;after_widget&quot;:&quot;&lt;\\\/div&gt;&quot;,&quot;before_title&quot;:&quot;&lt;h3 class=\\&quot;widget-title\\&quot;&gt;&quot;,&quot;after_title&quot;:&quot;&lt;\\\/h3&gt;&quot;,&quot;widget_id&quot;:&quot;widget-0-0-2&quot;}}\" \/>[\/siteorigin_widget]<\/div>\n<\/div>\n<\/div>\n<div id=\"pg-14803-1\"  class=\"panel-grid panel-no-style\"  data-style=\"{&quot;background_image_attachment&quot;:false,&quot;background_display&quot;:&quot;tile&quot;,&quot;cell_alignment&quot;:&quot;flex-start&quot;}\"  data-ratio=\"1\"  data-ratio-direction=\"right\" >\n<div id=\"pgc-14803-1-0\"  class=\"panel-grid-cell panel-grid-cell-empty\"  data-weight=\"1\" ><\/div>\n<\/div>\n<\/div>\n","protected":false},"excerpt":{"rendered":"<p>[siteorigin_widget class=\u00a0\u00bbLkTitle_Widget\u00a0\u00bb][\/siteorigin_widget] Mettez \u00e0 jour vos coordonn\u00e9es client en quelques clics, c&rsquo;est Simple et Rapide ! Communiquez-nous vos nouvelles informations client ! Mettez \u00e0 jour votre adresse mail, num\u00e9ro de t\u00e9l\u00e9phone ou encore adresse de facturation en quelques clics via notre formulaire en ligne. Merci de saisir uniquement les champs \u00e0 mettre \u00e0 jour svp. [&hellip;]<\/p>\n","protected":false},"author":3,"featured_media":0,"parent":0,"menu_order":0,"comment_status":"closed","ping_status":"closed","template":"","meta":{"_acf_changed":false,"_et_pb_use_builder":"","_et_pb_old_content":"","_et_gb_content_width":"","om_disable_all_campaigns":false,"_monsterinsights_skip_tracking":false,"_monsterinsights_sitenote_active":false,"_monsterinsights_sitenote_note":"","_monsterinsights_sitenote_category":0,"_uf_show_specific_survey":0,"_uf_disable_surveys":false,"footnotes":""},"class_list":["post-14803","page","type-page","status-publish","hentry"],"acf":[],"yoast_head":"<!-- This site is optimized with the Yoast SEO plugin v27.2 - https:\/\/yoast.com\/product\/yoast-seo-wordpress\/ -->\n<title>Mise \u00e0 jour fiche client NOVA I Formulaire en ligne<\/title>\n<meta name=\"description\" content=\"Communiquez-nous vos nouvelles coordonn\u00e9es ! Mettez \u00e0 jour votre adresse mail, num\u00e9ro de t\u00e9l\u00e9phone ou encore adresse de facturation en quelques clics\" \/>\n<meta name=\"robots\" content=\"index, follow, max-snippet:-1, max-image-preview:large, max-video-preview:-1\" \/>\n<link rel=\"canonical\" href=\"https:\/\/www.nova-groupe.fr\/fr\/mise-a-jour-fiche-client-nova\/\" \/>\n<meta property=\"og:locale\" content=\"fr_FR\" \/>\n<meta property=\"og:type\" content=\"article\" \/>\n<meta property=\"og:title\" content=\"Mise \u00e0 jour fiche client NOVA I Formulaire en ligne\" \/>\n<meta property=\"og:description\" content=\"Communiquez-nous vos nouvelles coordonn\u00e9es ! Mettez \u00e0 jour votre adresse mail, num\u00e9ro de t\u00e9l\u00e9phone ou encore adresse de facturation en quelques clics\" \/>\n<meta property=\"og:url\" content=\"https:\/\/www.nova-groupe.fr\/fr\/mise-a-jour-fiche-client-nova\/\" \/>\n<meta property=\"og:site_name\" content=\"Nova-Groupe\" \/>\n<meta property=\"article:publisher\" content=\"https:\/\/www.facebook.com\/Nova-Groupe-170173286757302\/\" \/>\n<meta property=\"article:modified_time\" content=\"2019-07-03T08:38:02+00:00\" \/>\n<meta property=\"og:image\" content=\"https:\/\/www.nova-groupe.fr\/wp-content\/uploads\/2017\/04\/couverture-04-2018.jpg\" \/>\n\t<meta property=\"og:image:width\" content=\"3542\" \/>\n\t<meta property=\"og:image:height\" content=\"1313\" \/>\n\t<meta property=\"og:image:type\" content=\"image\/jpeg\" \/>\n<meta name=\"twitter:card\" content=\"summary_large_image\" \/>\n<script type=\"application\/ld+json\" class=\"yoast-schema-graph\">{\"@context\":\"https:\/\/schema.org\",\"@graph\":[{\"@type\":\"WebPage\",\"@id\":\"https:\/\/www.nova-groupe.fr\/fr\/mise-a-jour-fiche-client-nova\/\",\"url\":\"https:\/\/www.nova-groupe.fr\/fr\/mise-a-jour-fiche-client-nova\/\",\"name\":\"Mise \u00e0 jour fiche client NOVA I Formulaire en ligne\",\"isPartOf\":{\"@id\":\"https:\/\/www.nova-groupe.fr\/fr\/#website\"},\"datePublished\":\"2019-07-03T08:30:11+00:00\",\"dateModified\":\"2019-07-03T08:38:02+00:00\",\"description\":\"Communiquez-nous vos nouvelles coordonn\u00e9es ! Mettez \u00e0 jour votre adresse mail, num\u00e9ro de t\u00e9l\u00e9phone ou encore adresse de facturation en quelques clics\",\"breadcrumb\":{\"@id\":\"https:\/\/www.nova-groupe.fr\/fr\/mise-a-jour-fiche-client-nova\/#breadcrumb\"},\"inLanguage\":\"fr-FR\",\"potentialAction\":[{\"@type\":\"ReadAction\",\"target\":[\"https:\/\/www.nova-groupe.fr\/fr\/mise-a-jour-fiche-client-nova\/\"]}]},{\"@type\":\"BreadcrumbList\",\"@id\":\"https:\/\/www.nova-groupe.fr\/fr\/mise-a-jour-fiche-client-nova\/#breadcrumb\",\"itemListElement\":[{\"@type\":\"ListItem\",\"position\":1,\"name\":\"Accueil\",\"item\":\"https:\/\/www.nova-groupe.fr\/fr\/\"},{\"@type\":\"ListItem\",\"position\":2,\"name\":\"Mise \u00e0 Jour Fiche Client NOVA\"}]},{\"@type\":\"WebSite\",\"@id\":\"https:\/\/www.nova-groupe.fr\/fr\/#website\",\"url\":\"https:\/\/www.nova-groupe.fr\/fr\/\",\"name\":\"Nova-Groupe\",\"description\":\"Vente et location de mat\u00e9riel agricole, BTP, espaces verts et environnement\",\"potentialAction\":[{\"@type\":\"SearchAction\",\"target\":{\"@type\":\"EntryPoint\",\"urlTemplate\":\"https:\/\/www.nova-groupe.fr\/fr\/?s={search_term_string}\"},\"query-input\":{\"@type\":\"PropertyValueSpecification\",\"valueRequired\":true,\"valueName\":\"search_term_string\"}}],\"inLanguage\":\"fr-FR\"}]}<\/script>\n<!-- \/ Yoast SEO plugin. -->","yoast_head_json":{"title":"Mise \u00e0 jour fiche client NOVA I Formulaire en ligne","description":"Communiquez-nous vos nouvelles coordonn\u00e9es ! Mettez \u00e0 jour votre adresse mail, num\u00e9ro de t\u00e9l\u00e9phone ou encore adresse de facturation en quelques clics","robots":{"index":"index","follow":"follow","max-snippet":"max-snippet:-1","max-image-preview":"max-image-preview:large","max-video-preview":"max-video-preview:-1"},"canonical":"https:\/\/www.nova-groupe.fr\/fr\/mise-a-jour-fiche-client-nova\/","og_locale":"fr_FR","og_type":"article","og_title":"Mise \u00e0 jour fiche client NOVA I Formulaire en ligne","og_description":"Communiquez-nous vos nouvelles coordonn\u00e9es ! Mettez \u00e0 jour votre adresse mail, num\u00e9ro de t\u00e9l\u00e9phone ou encore adresse de facturation en quelques clics","og_url":"https:\/\/www.nova-groupe.fr\/fr\/mise-a-jour-fiche-client-nova\/","og_site_name":"Nova-Groupe","article_publisher":"https:\/\/www.facebook.com\/Nova-Groupe-170173286757302\/","article_modified_time":"2019-07-03T08:38:02+00:00","og_image":[{"width":3542,"height":1313,"url":"https:\/\/www.nova-groupe.fr\/wp-content\/uploads\/2017\/04\/couverture-04-2018.jpg","type":"image\/jpeg"}],"twitter_card":"summary_large_image","schema":{"@context":"https:\/\/schema.org","@graph":[{"@type":"WebPage","@id":"https:\/\/www.nova-groupe.fr\/fr\/mise-a-jour-fiche-client-nova\/","url":"https:\/\/www.nova-groupe.fr\/fr\/mise-a-jour-fiche-client-nova\/","name":"Mise \u00e0 jour fiche client NOVA I Formulaire en ligne","isPartOf":{"@id":"https:\/\/www.nova-groupe.fr\/fr\/#website"},"datePublished":"2019-07-03T08:30:11+00:00","dateModified":"2019-07-03T08:38:02+00:00","description":"Communiquez-nous vos nouvelles coordonn\u00e9es ! Mettez \u00e0 jour votre adresse mail, num\u00e9ro de t\u00e9l\u00e9phone ou encore adresse de facturation en quelques clics","breadcrumb":{"@id":"https:\/\/www.nova-groupe.fr\/fr\/mise-a-jour-fiche-client-nova\/#breadcrumb"},"inLanguage":"fr-FR","potentialAction":[{"@type":"ReadAction","target":["https:\/\/www.nova-groupe.fr\/fr\/mise-a-jour-fiche-client-nova\/"]}]},{"@type":"BreadcrumbList","@id":"https:\/\/www.nova-groupe.fr\/fr\/mise-a-jour-fiche-client-nova\/#breadcrumb","itemListElement":[{"@type":"ListItem","position":1,"name":"Accueil","item":"https:\/\/www.nova-groupe.fr\/fr\/"},{"@type":"ListItem","position":2,"name":"Mise \u00e0 Jour Fiche Client NOVA"}]},{"@type":"WebSite","@id":"https:\/\/www.nova-groupe.fr\/fr\/#website","url":"https:\/\/www.nova-groupe.fr\/fr\/","name":"Nova-Groupe","description":"Vente et location de mat\u00e9riel agricole, BTP, espaces verts et environnement","potentialAction":[{"@type":"SearchAction","target":{"@type":"EntryPoint","urlTemplate":"https:\/\/www.nova-groupe.fr\/fr\/?s={search_term_string}"},"query-input":{"@type":"PropertyValueSpecification","valueRequired":true,"valueName":"search_term_string"}}],"inLanguage":"fr-FR"}]}},"_links":{"self":[{"href":"https:\/\/www.nova-groupe.fr\/fr\/wp-json\/wp\/v2\/pages\/14803","targetHints":{"allow":["GET"]}}],"collection":[{"href":"https:\/\/www.nova-groupe.fr\/fr\/wp-json\/wp\/v2\/pages"}],"about":[{"href":"https:\/\/www.nova-groupe.fr\/fr\/wp-json\/wp\/v2\/types\/page"}],"author":[{"embeddable":true,"href":"https:\/\/www.nova-groupe.fr\/fr\/wp-json\/wp\/v2\/users\/3"}],"replies":[{"embeddable":true,"href":"https:\/\/www.nova-groupe.fr\/fr\/wp-json\/wp\/v2\/comments?post=14803"}],"version-history":[{"count":0,"href":"https:\/\/www.nova-groupe.fr\/fr\/wp-json\/wp\/v2\/pages\/14803\/revisions"}],"wp:attachment":[{"href":"https:\/\/www.nova-groupe.fr\/fr\/wp-json\/wp\/v2\/media?parent=14803"}],"curies":[{"name":"wp","href":"https:\/\/api.w.org\/{rel}","templated":true}]}}