{"id":8741,"date":"2018-02-14T09:15:30","date_gmt":"2018-02-14T08:15:30","guid":{"rendered":"https:\/\/www.nova-groupe.fr\/?page_id=8741"},"modified":"2021-06-01T09:26:32","modified_gmt":"2021-06-01T07:26:32","slug":"site-concessionnaire-nova-john-deere","status":"publish","type":"page","link":"https:\/\/www.nova-groupe.fr\/fr\/site-concessionnaire-nova-john-deere\/","title":{"rendered":"SITE CONCESSIONNAIRE NOVA JOHN DEERE"},"content":{"rendered":"<h1>D\u00e9couvrez notre site internet concessionnaire JOHN DEERE <a href=\"https:\/\/nova.concession-jd.com\">https:\/\/nova.concession-jd.com<\/a><\/h1>\n<p><a href=\"https:\/\/www.nova-groupe.fr\/wp-content\/uploads\/2019\/04\/NOVA-Concessionnaire-John-Deere-PACA.jpg\"><img decoding=\"async\" class=\"alignnone wp-image-12576 size-full\" title=\"Site NOVA sp\u00e9cialis\u00e9 John Deere, Concessionnaire John Deere Mat\u00e9riels Agricole, Mat\u00e9riels de motoculture, Mat\u00e9riels entretien golf et terrains de sport Tondeuses professionnelles, Tracteurs compacts, V\u00e9hicules utilitaires, Pi\u00e8ces d\u00e9tach\u00e9es John Deere. Concessionnaire John Deere sur la r\u00e9gion PACA, et \u00e0 proximit\u00e9 de Marseille, Aix-En-Provence, Avignon, N\u00eemes, Orange, Manosque, Sisteron au travers de nos agences r\u00e9gionales de Saint-Cannat, Arles, Cavaillon, Pierrelatte, Oraison, Saint Laurent Des Arbres, Gap, Carpentras, Saint Hilaire De Brethmas, Villeneuve Les Avignon et sur les d\u00e9partements 04 alpes de Hautes Provence, 05 Hautes Alpes, 06 Alpes Maritimes, 13 Bouches du Rh\u00f4ne, 26 Dr\u00f4me, 30 Gard , 83 Var et 84 Vaucluse.\" src=\"https:\/\/www.nova-groupe.fr\/wp-content\/uploads\/2019\/04\/NOVA-Concessionnaire-John-Deere-PACA-e1569424520381.jpg\" alt=\"NOVA - Concessionnaire John Deere PACA\" width=\"1892\" height=\"3306\" srcset=\"https:\/\/www.nova-groupe.fr\/wp-content\/uploads\/2019\/04\/NOVA-Concessionnaire-John-Deere-PACA-e1569424520381.jpg 1892w, https:\/\/www.nova-groupe.fr\/wp-content\/uploads\/2019\/04\/NOVA-Concessionnaire-John-Deere-PACA-e1569424520381-172x300.jpg 172w, https:\/\/www.nova-groupe.fr\/wp-content\/uploads\/2019\/04\/NOVA-Concessionnaire-John-Deere-PACA-e1569424520381-768x1342.jpg 768w, https:\/\/www.nova-groupe.fr\/wp-content\/uploads\/2019\/04\/NOVA-Concessionnaire-John-Deere-PACA-e1569424520381-586x1024.jpg 586w\" sizes=\"(max-width: 1892px) 100vw, 1892px\" \/><\/a><\/p>\n<p>&nbsp;<\/p>\n<p>Mat\u00e9riels Agricole : <a href=\"https:\/\/nova.concession-jd.com\/John-Deere\/Mat%C3%A9riels-Agricoles\">https:\/\/nova.concession-jd.com\/John-Deere\/Materiels-agricoles<\/a><\/p>\n<p>Mat\u00e9riels de motoculture : <a href=\"https:\/\/nova.concession-jd.com\/John-Deere\/Mat%C3%A9riels-De-Motoculture\">https:\/\/nova.concession-jd.com\/John-Deere\/Materiels-De-Motoculture<\/a><\/p>\n<p>Mat\u00e9riels d&rsquo;entretien des golfs et terrains de sports : <a href=\"https:\/\/nova.concession-jd.com\/John-Deere\/Mat%C3%A9riels-de-golf-et-terrains-de-sport\">https:\/\/nova.concession-jd.com\/John-Deere\/Materiels-de-golf-et-terrains-de-sport<\/a><\/p>\n<p>Tondeuses professionnelles : <a href=\"https:\/\/nova.concession-jd.com\/John-Deere\/Mat%C3%A9riels-Professionnels\/Tondeuses-professionnelles\">https:\/\/nova.concession-jd.com\/John-Deere\/Materiels-professionnels\/Tondeuses-professionnelles<\/a><\/p>\n<p>Tracteurs compacts: <a href=\"https:\/\/nova.concession-jd.com\/John-Deere\/Materiels-professionnels\/Tracteurs-compacts\">https:\/\/nova.concession-jd.com\/John-Deere\/Materiels-professionnels\/Tracteurs-compacts<\/a><\/p>\n<p>V\u00e9hicules utilitaires Gators: <a href=\"https:\/\/nova.concession-jd.com\/John-Deere\/Mat%C3%A9riels-Professionnels\/V%C3%A9hicules-utilitaires-Gator\">https:\/\/nova.concession-jd.com\/John-Deere\/Materiels-professionnels\/Vehicules-utilitaires-Gator<\/a><\/p>\n<p>&nbsp;<\/p>\n","protected":false},"excerpt":{"rendered":"<p>D\u00e9couvrez notre site internet concessionnaire JOHN DEERE https:\/\/nova.concession-jd.com &nbsp; Mat\u00e9riels Agricole : https:\/\/nova.concession-jd.com\/John-Deere\/Materiels-agricoles Mat\u00e9riels de motoculture : https:\/\/nova.concession-jd.com\/John-Deere\/Materiels-De-Motoculture Mat\u00e9riels d&rsquo;entretien des golfs et terrains de sports : https:\/\/nova.concession-jd.com\/John-Deere\/Materiels-de-golf-et-terrains-de-sport Tondeuses professionnelles : https:\/\/nova.concession-jd.com\/John-Deere\/Materiels-professionnels\/Tondeuses-professionnelles Tracteurs compacts: https:\/\/nova.concession-jd.com\/John-Deere\/Materiels-professionnels\/Tracteurs-compacts V\u00e9hicules utilitaires Gators: https:\/\/nova.concession-jd.com\/John-Deere\/Materiels-professionnels\/Vehicules-utilitaires-Gator &nbsp;<\/p>\n","protected":false},"author":3,"featured_media":0,"parent":0,"menu_order":0,"comment_status":"closed","ping_status":"closed","template":"","meta":{"_acf_changed":false,"_et_pb_use_builder":"","_et_pb_old_content":"","_et_gb_content_width":"","om_disable_all_campaigns":false,"_monsterinsights_skip_tracking":false,"_monsterinsights_sitenote_active":false,"_monsterinsights_sitenote_note":"","_monsterinsights_sitenote_category":0,"_uf_show_specific_survey":0,"_uf_disable_surveys":false,"footnotes":""},"class_list":["post-8741","page","type-page","status-publish","hentry"],"acf":[],"yoast_head":"<!-- This site is optimized with the Yoast SEO plugin v27.2 - https:\/\/yoast.com\/product\/yoast-seo-wordpress\/ -->\n<title>SITE CONCESSIONNAIRE NOVA JOHN DEERE - Nova-Groupe<\/title>\n<meta name=\"description\" content=\"Site NOVA sp\u00e9cialis\u00e9 John Deere, Concessionnaire John Deere Mat\u00e9riels Agricole, Mat\u00e9riels de motoculture, Mat\u00e9riels entretien golf et terrains de sport Tondeuses professionnelles, Tracteurs compacts, V\u00e9hicules utilitaires, Pi\u00e8ces d\u00e9tach\u00e9es John Deere. Concessionnaire John Deere sur la r\u00e9gion PACA, et \u00e0 proximit\u00e9 de Marseille, Aix-En-Provence, Avignon, N\u00eemes, Orange, Manosque, Sisteron au travers de nos agences r\u00e9gionales de Saint-Cannat, Arles, Cavaillon, Pierrelatte, Oraison, Saint Laurent Des Arbres, Gap, Carpentras, Saint Hilaire De Brethmas, Villeneuve Les Avignon et sur les d\u00e9partements 04 alpes de Hautes Provence, 05 Hautes Alpes, 06 Alpes Maritimes, 13 Bouches du Rh\u00f4ne, 26 Dr\u00f4me, 30 Gard , 83 Var et 84 Vaucluse.\" \/>\n<meta name=\"robots\" content=\"index, follow, max-snippet:-1, max-image-preview:large, max-video-preview:-1\" \/>\n<link rel=\"canonical\" href=\"https:\/\/www.nova-groupe.fr\/fr\/site-concessionnaire-nova-john-deere\/\" \/>\n<meta property=\"og:locale\" content=\"fr_FR\" \/>\n<meta property=\"og:type\" content=\"article\" \/>\n<meta property=\"og:title\" content=\"SITE CONCESSIONNAIRE NOVA JOHN DEERE - Nova-Groupe\" \/>\n<meta property=\"og:description\" content=\"Site NOVA sp\u00e9cialis\u00e9 John Deere, Concessionnaire John Deere Mat\u00e9riels Agricole, Mat\u00e9riels de motoculture, Mat\u00e9riels entretien golf et terrains de sport Tondeuses professionnelles, Tracteurs compacts, V\u00e9hicules utilitaires, Pi\u00e8ces d\u00e9tach\u00e9es John Deere. Concessionnaire John Deere sur la r\u00e9gion PACA, et \u00e0 proximit\u00e9 de Marseille, Aix-En-Provence, Avignon, N\u00eemes, Orange, Manosque, Sisteron au travers de nos agences r\u00e9gionales de Saint-Cannat, Arles, Cavaillon, Pierrelatte, Oraison, Saint Laurent Des Arbres, Gap, Carpentras, Saint Hilaire De Brethmas, Villeneuve Les Avignon et sur les d\u00e9partements 04 alpes de Hautes Provence, 05 Hautes Alpes, 06 Alpes Maritimes, 13 Bouches du Rh\u00f4ne, 26 Dr\u00f4me, 30 Gard , 83 Var et 84 Vaucluse.\" \/>\n<meta property=\"og:url\" content=\"https:\/\/www.nova-groupe.fr\/fr\/site-concessionnaire-nova-john-deere\/\" \/>\n<meta property=\"og:site_name\" content=\"Nova-Groupe\" \/>\n<meta property=\"article:publisher\" content=\"https:\/\/www.facebook.com\/Nova-Groupe-170173286757302\/\" \/>\n<meta property=\"article:modified_time\" content=\"2021-06-01T07:26:32+00:00\" \/>\n<meta property=\"og:image\" content=\"https:\/\/www.nova-groupe.fr\/wp-content\/uploads\/2019\/04\/NOVA-Concessionnaire-John-Deere-PACA-e1569424520381.jpg\" \/>\n<meta name=\"twitter:card\" content=\"summary_large_image\" \/>\n<script type=\"application\/ld+json\" class=\"yoast-schema-graph\">{\"@context\":\"https:\/\/schema.org\",\"@graph\":[{\"@type\":\"WebPage\",\"@id\":\"https:\/\/www.nova-groupe.fr\/fr\/site-concessionnaire-nova-john-deere\/\",\"url\":\"https:\/\/www.nova-groupe.fr\/fr\/site-concessionnaire-nova-john-deere\/\",\"name\":\"SITE CONCESSIONNAIRE NOVA JOHN DEERE - Nova-Groupe\",\"isPartOf\":{\"@id\":\"https:\/\/www.nova-groupe.fr\/fr\/#website\"},\"primaryImageOfPage\":{\"@id\":\"https:\/\/www.nova-groupe.fr\/fr\/site-concessionnaire-nova-john-deere\/#primaryimage\"},\"image\":{\"@id\":\"https:\/\/www.nova-groupe.fr\/fr\/site-concessionnaire-nova-john-deere\/#primaryimage\"},\"thumbnailUrl\":\"https:\/\/www.nova-groupe.fr\/wp-content\/uploads\/2019\/04\/NOVA-Concessionnaire-John-Deere-PACA-e1569424520381.jpg\",\"datePublished\":\"2018-02-14T08:15:30+00:00\",\"dateModified\":\"2021-06-01T07:26:32+00:00\",\"description\":\"Site NOVA sp\u00e9cialis\u00e9 John Deere, Concessionnaire John Deere Mat\u00e9riels Agricole, Mat\u00e9riels de motoculture, Mat\u00e9riels entretien golf et terrains de sport Tondeuses professionnelles, Tracteurs compacts, V\u00e9hicules utilitaires, Pi\u00e8ces d\u00e9tach\u00e9es John Deere. Concessionnaire John Deere sur la r\u00e9gion PACA, et \u00e0 proximit\u00e9 de Marseille, Aix-En-Provence, Avignon, N\u00eemes, Orange, Manosque, Sisteron au travers de nos agences r\u00e9gionales de Saint-Cannat, Arles, Cavaillon, Pierrelatte, Oraison, Saint Laurent Des Arbres, Gap, Carpentras, Saint Hilaire De Brethmas, Villeneuve Les Avignon et sur les d\u00e9partements 04 alpes de Hautes Provence, 05 Hautes Alpes, 06 Alpes Maritimes, 13 Bouches du Rh\u00f4ne, 26 Dr\u00f4me, 30 Gard , 83 Var et 84 Vaucluse.\",\"breadcrumb\":{\"@id\":\"https:\/\/www.nova-groupe.fr\/fr\/site-concessionnaire-nova-john-deere\/#breadcrumb\"},\"inLanguage\":\"fr-FR\",\"potentialAction\":[{\"@type\":\"ReadAction\",\"target\":[\"https:\/\/www.nova-groupe.fr\/fr\/site-concessionnaire-nova-john-deere\/\"]}]},{\"@type\":\"ImageObject\",\"inLanguage\":\"fr-FR\",\"@id\":\"https:\/\/www.nova-groupe.fr\/fr\/site-concessionnaire-nova-john-deere\/#primaryimage\",\"url\":\"https:\/\/www.nova-groupe.fr\/wp-content\/uploads\/2019\/04\/NOVA-Concessionnaire-John-Deere-PACA-e1569424520381.jpg\",\"contentUrl\":\"https:\/\/www.nova-groupe.fr\/wp-content\/uploads\/2019\/04\/NOVA-Concessionnaire-John-Deere-PACA-e1569424520381.jpg\"},{\"@type\":\"BreadcrumbList\",\"@id\":\"https:\/\/www.nova-groupe.fr\/fr\/site-concessionnaire-nova-john-deere\/#breadcrumb\",\"itemListElement\":[{\"@type\":\"ListItem\",\"position\":1,\"name\":\"Accueil\",\"item\":\"https:\/\/www.nova-groupe.fr\/fr\/\"},{\"@type\":\"ListItem\",\"position\":2,\"name\":\"SITE CONCESSIONNAIRE NOVA JOHN DEERE\"}]},{\"@type\":\"WebSite\",\"@id\":\"https:\/\/www.nova-groupe.fr\/fr\/#website\",\"url\":\"https:\/\/www.nova-groupe.fr\/fr\/\",\"name\":\"Nova-Groupe\",\"description\":\"Vente et location de mat\u00e9riel agricole, BTP, espaces verts et environnement\",\"potentialAction\":[{\"@type\":\"SearchAction\",\"target\":{\"@type\":\"EntryPoint\",\"urlTemplate\":\"https:\/\/www.nova-groupe.fr\/fr\/?s={search_term_string}\"},\"query-input\":{\"@type\":\"PropertyValueSpecification\",\"valueRequired\":true,\"valueName\":\"search_term_string\"}}],\"inLanguage\":\"fr-FR\"}]}<\/script>\n<!-- \/ Yoast SEO plugin. -->","yoast_head_json":{"title":"SITE CONCESSIONNAIRE NOVA JOHN DEERE - Nova-Groupe","description":"Site NOVA sp\u00e9cialis\u00e9 John Deere, Concessionnaire John Deere Mat\u00e9riels Agricole, Mat\u00e9riels de motoculture, Mat\u00e9riels entretien golf et terrains de sport Tondeuses professionnelles, Tracteurs compacts, V\u00e9hicules utilitaires, Pi\u00e8ces d\u00e9tach\u00e9es John Deere. Concessionnaire John Deere sur la r\u00e9gion PACA, et \u00e0 proximit\u00e9 de Marseille, Aix-En-Provence, Avignon, N\u00eemes, Orange, Manosque, Sisteron au travers de nos agences r\u00e9gionales de Saint-Cannat, Arles, Cavaillon, Pierrelatte, Oraison, Saint Laurent Des Arbres, Gap, Carpentras, Saint Hilaire De Brethmas, Villeneuve Les Avignon et sur les d\u00e9partements 04 alpes de Hautes Provence, 05 Hautes Alpes, 06 Alpes Maritimes, 13 Bouches du Rh\u00f4ne, 26 Dr\u00f4me, 30 Gard , 83 Var et 84 Vaucluse.","robots":{"index":"index","follow":"follow","max-snippet":"max-snippet:-1","max-image-preview":"max-image-preview:large","max-video-preview":"max-video-preview:-1"},"canonical":"https:\/\/www.nova-groupe.fr\/fr\/site-concessionnaire-nova-john-deere\/","og_locale":"fr_FR","og_type":"article","og_title":"SITE CONCESSIONNAIRE NOVA JOHN DEERE - Nova-Groupe","og_description":"Site NOVA sp\u00e9cialis\u00e9 John Deere, Concessionnaire John Deere Mat\u00e9riels Agricole, Mat\u00e9riels de motoculture, Mat\u00e9riels entretien golf et terrains de sport Tondeuses professionnelles, Tracteurs compacts, V\u00e9hicules utilitaires, Pi\u00e8ces d\u00e9tach\u00e9es John Deere. Concessionnaire John Deere sur la r\u00e9gion PACA, et \u00e0 proximit\u00e9 de Marseille, Aix-En-Provence, Avignon, N\u00eemes, Orange, Manosque, Sisteron au travers de nos agences r\u00e9gionales de Saint-Cannat, Arles, Cavaillon, Pierrelatte, Oraison, Saint Laurent Des Arbres, Gap, Carpentras, Saint Hilaire De Brethmas, Villeneuve Les Avignon et sur les d\u00e9partements 04 alpes de Hautes Provence, 05 Hautes Alpes, 06 Alpes Maritimes, 13 Bouches du Rh\u00f4ne, 26 Dr\u00f4me, 30 Gard , 83 Var et 84 Vaucluse.","og_url":"https:\/\/www.nova-groupe.fr\/fr\/site-concessionnaire-nova-john-deere\/","og_site_name":"Nova-Groupe","article_publisher":"https:\/\/www.facebook.com\/Nova-Groupe-170173286757302\/","article_modified_time":"2021-06-01T07:26:32+00:00","og_image":[{"url":"https:\/\/www.nova-groupe.fr\/wp-content\/uploads\/2019\/04\/NOVA-Concessionnaire-John-Deere-PACA-e1569424520381.jpg","type":"","width":"","height":""}],"twitter_card":"summary_large_image","schema":{"@context":"https:\/\/schema.org","@graph":[{"@type":"WebPage","@id":"https:\/\/www.nova-groupe.fr\/fr\/site-concessionnaire-nova-john-deere\/","url":"https:\/\/www.nova-groupe.fr\/fr\/site-concessionnaire-nova-john-deere\/","name":"SITE CONCESSIONNAIRE NOVA JOHN DEERE - Nova-Groupe","isPartOf":{"@id":"https:\/\/www.nova-groupe.fr\/fr\/#website"},"primaryImageOfPage":{"@id":"https:\/\/www.nova-groupe.fr\/fr\/site-concessionnaire-nova-john-deere\/#primaryimage"},"image":{"@id":"https:\/\/www.nova-groupe.fr\/fr\/site-concessionnaire-nova-john-deere\/#primaryimage"},"thumbnailUrl":"https:\/\/www.nova-groupe.fr\/wp-content\/uploads\/2019\/04\/NOVA-Concessionnaire-John-Deere-PACA-e1569424520381.jpg","datePublished":"2018-02-14T08:15:30+00:00","dateModified":"2021-06-01T07:26:32+00:00","description":"Site NOVA sp\u00e9cialis\u00e9 John Deere, Concessionnaire John Deere Mat\u00e9riels Agricole, Mat\u00e9riels de motoculture, Mat\u00e9riels entretien golf et terrains de sport Tondeuses professionnelles, Tracteurs compacts, V\u00e9hicules utilitaires, Pi\u00e8ces d\u00e9tach\u00e9es John Deere. Concessionnaire John Deere sur la r\u00e9gion PACA, et \u00e0 proximit\u00e9 de Marseille, Aix-En-Provence, Avignon, N\u00eemes, Orange, Manosque, Sisteron au travers de nos agences r\u00e9gionales de Saint-Cannat, Arles, Cavaillon, Pierrelatte, Oraison, Saint Laurent Des Arbres, Gap, Carpentras, Saint Hilaire De Brethmas, Villeneuve Les Avignon et sur les d\u00e9partements 04 alpes de Hautes Provence, 05 Hautes Alpes, 06 Alpes Maritimes, 13 Bouches du Rh\u00f4ne, 26 Dr\u00f4me, 30 Gard , 83 Var et 84 Vaucluse.","breadcrumb":{"@id":"https:\/\/www.nova-groupe.fr\/fr\/site-concessionnaire-nova-john-deere\/#breadcrumb"},"inLanguage":"fr-FR","potentialAction":[{"@type":"ReadAction","target":["https:\/\/www.nova-groupe.fr\/fr\/site-concessionnaire-nova-john-deere\/"]}]},{"@type":"ImageObject","inLanguage":"fr-FR","@id":"https:\/\/www.nova-groupe.fr\/fr\/site-concessionnaire-nova-john-deere\/#primaryimage","url":"https:\/\/www.nova-groupe.fr\/wp-content\/uploads\/2019\/04\/NOVA-Concessionnaire-John-Deere-PACA-e1569424520381.jpg","contentUrl":"https:\/\/www.nova-groupe.fr\/wp-content\/uploads\/2019\/04\/NOVA-Concessionnaire-John-Deere-PACA-e1569424520381.jpg"},{"@type":"BreadcrumbList","@id":"https:\/\/www.nova-groupe.fr\/fr\/site-concessionnaire-nova-john-deere\/#breadcrumb","itemListElement":[{"@type":"ListItem","position":1,"name":"Accueil","item":"https:\/\/www.nova-groupe.fr\/fr\/"},{"@type":"ListItem","position":2,"name":"SITE CONCESSIONNAIRE NOVA JOHN DEERE"}]},{"@type":"WebSite","@id":"https:\/\/www.nova-groupe.fr\/fr\/#website","url":"https:\/\/www.nova-groupe.fr\/fr\/","name":"Nova-Groupe","description":"Vente et location de mat\u00e9riel agricole, BTP, espaces verts et environnement","potentialAction":[{"@type":"SearchAction","target":{"@type":"EntryPoint","urlTemplate":"https:\/\/www.nova-groupe.fr\/fr\/?s={search_term_string}"},"query-input":{"@type":"PropertyValueSpecification","valueRequired":true,"valueName":"search_term_string"}}],"inLanguage":"fr-FR"}]}},"_links":{"self":[{"href":"https:\/\/www.nova-groupe.fr\/fr\/wp-json\/wp\/v2\/pages\/8741","targetHints":{"allow":["GET"]}}],"collection":[{"href":"https:\/\/www.nova-groupe.fr\/fr\/wp-json\/wp\/v2\/pages"}],"about":[{"href":"https:\/\/www.nova-groupe.fr\/fr\/wp-json\/wp\/v2\/types\/page"}],"author":[{"embeddable":true,"href":"https:\/\/www.nova-groupe.fr\/fr\/wp-json\/wp\/v2\/users\/3"}],"replies":[{"embeddable":true,"href":"https:\/\/www.nova-groupe.fr\/fr\/wp-json\/wp\/v2\/comments?post=8741"}],"version-history":[{"count":0,"href":"https:\/\/www.nova-groupe.fr\/fr\/wp-json\/wp\/v2\/pages\/8741\/revisions"}],"wp:attachment":[{"href":"https:\/\/www.nova-groupe.fr\/fr\/wp-json\/wp\/v2\/media?parent=8741"}],"curies":[{"name":"wp","href":"https:\/\/api.w.org\/{rel}","templated":true}]}}